{"id":1312,"date":"2022-05-30T14:39:07","date_gmt":"2022-05-30T14:39:07","guid":{"rendered":"https:\/\/www.lescapadealascaux.com\/?page_id=1312"},"modified":"2022-05-30T14:49:30","modified_gmt":"2022-05-30T14:49:30","slug":"client","status":"publish","type":"page","link":"https:\/\/www.lescapadealascaux.com\/en\/client\/","title":{"rendered":"Le logement que vous avez r\u00e9serv\u00e9"},"content":{"rendered":"<h1>Cliquez sur le logement que vous avez r\u00e9serv\u00e9<\/h1>\n<h2>Shabby<\/h2>\n<p><img decoding=\"async\" width=\"300\" height=\"200\" src=\"https:\/\/www.lescapadealascaux.com\/wp-content\/uploads\/2022\/04\/shabby_pp3-300x200.jpg\" alt=\"salon location shabby 3\" loading=\"lazy\" srcset=\"https:\/\/www.lescapadealascaux.com\/wp-content\/uploads\/2022\/04\/shabby_pp3-300x200.jpg 300w, https:\/\/www.lescapadealascaux.com\/wp-content\/uploads\/2022\/04\/shabby_pp3-63x42.jpg 63w, https:\/\/www.lescapadealascaux.com\/wp-content\/uploads\/2022\/04\/shabby_pp3-120x80.jpg 120w, https:\/\/www.lescapadealascaux.com\/wp-content\/uploads\/2022\/04\/shabby_pp3-394x263.jpg 394w, https:\/\/www.lescapadealascaux.com\/wp-content\/uploads\/2022\/04\/shabby_pp3-600x400.jpg 600w, https:\/\/www.lescapadealascaux.com\/wp-content\/uploads\/2022\/04\/shabby_pp3.jpg 750w\" sizes=\"(max-width: 300px) 100vw, 300px\"><br \/>\n<img decoding=\"async\" width=\"300\" height=\"200\" src=\"https:\/\/www.lescapadealascaux.com\/wp-content\/uploads\/2022\/04\/Retro_pp3-300x200.jpg\" alt=\"salon location r\u00e9tro 3\" loading=\"lazy\" srcset=\"https:\/\/www.lescapadealascaux.com\/wp-content\/uploads\/2022\/04\/Retro_pp3-300x200.jpg 300w, https:\/\/www.lescapadealascaux.com\/wp-content\/uploads\/2022\/04\/Retro_pp3-63x42.jpg 63w, https:\/\/www.lescapadealascaux.com\/wp-content\/uploads\/2022\/04\/Retro_pp3-120x80.jpg 120w, https:\/\/www.lescapadealascaux.com\/wp-content\/uploads\/2022\/04\/Retro_pp3-394x263.jpg 394w, https:\/\/www.lescapadealascaux.com\/wp-content\/uploads\/2022\/04\/Retro_pp3-600x401.jpg 600w, https:\/\/www.lescapadealascaux.com\/wp-content\/uploads\/2022\/04\/Retro_pp3.jpg 750w\" sizes=\"(max-width: 300px) 100vw, 300px\"><\/p>\n<h2>R\u00e9tro<\/h2>\n<h2>Scandi<\/h2>\n<p><img decoding=\"async\" width=\"300\" height=\"200\" src=\"https:\/\/www.lescapadealascaux.com\/wp-content\/uploads\/2022\/04\/Scandi_pp3-300x200.jpg\" alt=\"salon location scandinave 3\" loading=\"lazy\" srcset=\"https:\/\/www.lescapadealascaux.com\/wp-content\/uploads\/2022\/04\/Scandi_pp3-300x200.jpg 300w, https:\/\/www.lescapadealascaux.com\/wp-content\/uploads\/2022\/04\/Scandi_pp3-63x42.jpg 63w, https:\/\/www.lescapadealascaux.com\/wp-content\/uploads\/2022\/04\/Scandi_pp3-120x80.jpg 120w, https:\/\/www.lescapadealascaux.com\/wp-content\/uploads\/2022\/04\/Scandi_pp3-394x263.jpg 394w, https:\/\/www.lescapadealascaux.com\/wp-content\/uploads\/2022\/04\/Scandi_pp3-600x401.jpg 600w, https:\/\/www.lescapadealascaux.com\/wp-content\/uploads\/2022\/04\/Scandi_pp3.jpg 750w\" sizes=\"(max-width: 300px) 100vw, 300px\"><br \/>\n<img decoding=\"async\" width=\"300\" height=\"200\" src=\"https:\/\/www.lescapadealascaux.com\/wp-content\/uploads\/2022\/04\/Indus_pp2-300x200.jpg\" alt=\"salon location indus\" loading=\"lazy\" srcset=\"https:\/\/www.lescapadealascaux.com\/wp-content\/uploads\/2022\/04\/Indus_pp2-300x200.jpg 300w, https:\/\/www.lescapadealascaux.com\/wp-content\/uploads\/2022\/04\/Indus_pp2-63x42.jpg 63w, https:\/\/www.lescapadealascaux.com\/wp-content\/uploads\/2022\/04\/Indus_pp2-120x80.jpg 120w, https:\/\/www.lescapadealascaux.com\/wp-content\/uploads\/2022\/04\/Indus_pp2-394x263.jpg 394w, https:\/\/www.lescapadealascaux.com\/wp-content\/uploads\/2022\/04\/Indus_pp2-600x400.jpg 600w, https:\/\/www.lescapadealascaux.com\/wp-content\/uploads\/2022\/04\/Indus_pp2.jpg 750w\" sizes=\"(max-width: 300px) 100vw, 300px\"><\/p>\n<h2>Indus<\/h2>\n<h2>Voyage<\/h2>\n<p><img decoding=\"async\" width=\"300\" height=\"200\" src=\"https:\/\/www.lescapadealascaux.com\/wp-content\/uploads\/2022\/04\/Voyage_pp6-300x200.jpg\" alt=\"salon location voyage 6\" loading=\"lazy\" srcset=\"https:\/\/www.lescapadealascaux.com\/wp-content\/uploads\/2022\/04\/Voyage_pp6-300x200.jpg 300w, https:\/\/www.lescapadealascaux.com\/wp-content\/uploads\/2022\/04\/Voyage_pp6-63x42.jpg 63w, https:\/\/www.lescapadealascaux.com\/wp-content\/uploads\/2022\/04\/Voyage_pp6-120x80.jpg 120w, https:\/\/www.lescapadealascaux.com\/wp-content\/uploads\/2022\/04\/Voyage_pp6-394x263.jpg 394w, https:\/\/www.lescapadealascaux.com\/wp-content\/uploads\/2022\/04\/Voyage_pp6-600x400.jpg 600w, https:\/\/www.lescapadealascaux.com\/wp-content\/uploads\/2022\/04\/Voyage_pp6.jpg 750w\" sizes=\"(max-width: 300px) 100vw, 300px\"><br \/>\n<img decoding=\"async\" width=\"300\" height=\"200\" src=\"https:\/\/www.lescapadealascaux.com\/wp-content\/uploads\/2022\/02\/Loft_pp4-300x200.jpg\" alt=\"Pi\u00e8ce principale loft 4\" loading=\"lazy\" srcset=\"https:\/\/www.lescapadealascaux.com\/wp-content\/uploads\/2022\/02\/Loft_pp4-300x200.jpg 300w, https:\/\/www.lescapadealascaux.com\/wp-content\/uploads\/2022\/02\/Loft_pp4-63x42.jpg 63w, https:\/\/www.lescapadealascaux.com\/wp-content\/uploads\/2022\/02\/Loft_pp4-120x80.jpg 120w, https:\/\/www.lescapadealascaux.com\/wp-content\/uploads\/2022\/02\/Loft_pp4-394x263.jpg 394w, https:\/\/www.lescapadealascaux.com\/wp-content\/uploads\/2022\/02\/Loft_pp4-600x400.jpg 600w, https:\/\/www.lescapadealascaux.com\/wp-content\/uploads\/2022\/02\/Loft_pp4.jpg 750w\" sizes=\"(max-width: 300px) 100vw, 300px\"><\/p>\n<h2>Loft<\/h2>","protected":false},"excerpt":{"rendered":"<p>Cliquez sur le logement que vous avez r\u00e9serv\u00e9 Shabby R\u00e9tro Scandi Indus Voyage Loft<\/p>","protected":false},"author":1,"featured_media":0,"parent":0,"menu_order":0,"comment_status":"closed","ping_status":"closed","template":"","meta":{"_et_pb_use_builder":"","_et_pb_old_content":"","_et_gb_content_width":"","footnotes":""},"_links":{"self":[{"href":"https:\/\/www.lescapadealascaux.com\/en\/wp-json\/wp\/v2\/pages\/1312"}],"collection":[{"href":"https:\/\/www.lescapadealascaux.com\/en\/wp-json\/wp\/v2\/pages"}],"about":[{"href":"https:\/\/www.lescapadealascaux.com\/en\/wp-json\/wp\/v2\/types\/page"}],"author":[{"embeddable":true,"href":"https:\/\/www.lescapadealascaux.com\/en\/wp-json\/wp\/v2\/users\/1"}],"replies":[{"embeddable":true,"href":"https:\/\/www.lescapadealascaux.com\/en\/wp-json\/wp\/v2\/comments?post=1312"}],"version-history":[{"count":0,"href":"https:\/\/www.lescapadealascaux.com\/en\/wp-json\/wp\/v2\/pages\/1312\/revisions"}],"wp:attachment":[{"href":"https:\/\/www.lescapadealascaux.com\/en\/wp-json\/wp\/v2\/media?parent=1312"}],"curies":[{"name":"wp","href":"https:\/\/api.w.org\/{rel}","templated":true}]}}