{"id":23,"date":"2022-02-02T20:28:22","date_gmt":"2022-02-02T20:28:22","guid":{"rendered":"https:\/\/www.lescapadealascaux.com\/annulation-de-reservation\/"},"modified":"2022-02-18T09:30:25","modified_gmt":"2022-02-18T09:30:25","slug":"annulation-de-reservation","status":"publish","type":"page","link":"https:\/\/www.lescapadealascaux.com\/en\/annulation-de-reservation\/","title":{"rendered":"Annulation de r\u00e9servation"},"content":{"rendered":"<h1>\n                        Annulation de r\u00e9servation                    <\/h1>\n<\/p>\n<div class=\"mphb_sc_booking_confirmation\"><\/div>\n<h2>Votre r\u00e9servation est annul\u00e9e<\/h2>","protected":false},"excerpt":{"rendered":"<p>Annulation de r\u00e9servation Votre r\u00e9servation est annul\u00e9e<\/p>","protected":false},"author":1,"featured_media":0,"parent":0,"menu_order":0,"comment_status":"closed","ping_status":"closed","template":"","meta":{"_et_pb_use_builder":"","_et_pb_old_content":"","_et_gb_content_width":"","footnotes":""},"_links":{"self":[{"href":"https:\/\/www.lescapadealascaux.com\/en\/wp-json\/wp\/v2\/pages\/23"}],"collection":[{"href":"https:\/\/www.lescapadealascaux.com\/en\/wp-json\/wp\/v2\/pages"}],"about":[{"href":"https:\/\/www.lescapadealascaux.com\/en\/wp-json\/wp\/v2\/types\/page"}],"author":[{"embeddable":true,"href":"https:\/\/www.lescapadealascaux.com\/en\/wp-json\/wp\/v2\/users\/1"}],"replies":[{"embeddable":true,"href":"https:\/\/www.lescapadealascaux.com\/en\/wp-json\/wp\/v2\/comments?post=23"}],"version-history":[{"count":0,"href":"https:\/\/www.lescapadealascaux.com\/en\/wp-json\/wp\/v2\/pages\/23\/revisions"}],"wp:attachment":[{"href":"https:\/\/www.lescapadealascaux.com\/en\/wp-json\/wp\/v2\/media?parent=23"}],"curies":[{"name":"wp","href":"https:\/\/api.w.org\/{rel}","templated":true}]}}