{"id":28,"date":"2022-02-02T20:28:23","date_gmt":"2022-02-02T20:28:23","guid":{"rendered":"https:\/\/www.lescapadealascaux.com\/confirmation-de-reservation\/echec-de-la-transaction\/"},"modified":"2022-03-31T13:05:36","modified_gmt":"2022-03-31T13:05:36","slug":"echec-de-la-transaction","status":"publish","type":"page","link":"https:\/\/www.lescapadealascaux.com\/en\/confirmation-de-reservation\/echec-de-la-transaction\/","title":{"rendered":"\u00c9chec de la transaction"},"content":{"rendered":"<h1>\n                        Echec de la transaction                    <\/h1>\n<\/p>\n<h1>\n                        Votre transaction a Echou\u00e9e                    <\/h1>\n<p>Malheureusement, votre transaction ne peut \u00eatre compl\u00e9t\u00e9e pour le moment. Veuillez r\u00e9essayer ou nous contacter.<\/p>","protected":false},"excerpt":{"rendered":"<p>Echec de la transaction Votre transaction a Echou\u00e9e Malheureusement, votre transaction ne peut \u00eatre compl\u00e9t\u00e9e pour le moment. Veuillez r\u00e9essayer ou nous contacter.<\/p>","protected":false},"author":1,"featured_media":0,"parent":24,"menu_order":0,"comment_status":"closed","ping_status":"closed","template":"","meta":{"_et_pb_use_builder":"","_et_pb_old_content":"","_et_gb_content_width":"","footnotes":""},"_links":{"self":[{"href":"https:\/\/www.lescapadealascaux.com\/en\/wp-json\/wp\/v2\/pages\/28"}],"collection":[{"href":"https:\/\/www.lescapadealascaux.com\/en\/wp-json\/wp\/v2\/pages"}],"about":[{"href":"https:\/\/www.lescapadealascaux.com\/en\/wp-json\/wp\/v2\/types\/page"}],"author":[{"embeddable":true,"href":"https:\/\/www.lescapadealascaux.com\/en\/wp-json\/wp\/v2\/users\/1"}],"replies":[{"embeddable":true,"href":"https:\/\/www.lescapadealascaux.com\/en\/wp-json\/wp\/v2\/comments?post=28"}],"version-history":[{"count":0,"href":"https:\/\/www.lescapadealascaux.com\/en\/wp-json\/wp\/v2\/pages\/28\/revisions"}],"up":[{"embeddable":true,"href":"https:\/\/www.lescapadealascaux.com\/en\/wp-json\/wp\/v2\/pages\/24"}],"wp:attachment":[{"href":"https:\/\/www.lescapadealascaux.com\/en\/wp-json\/wp\/v2\/media?parent=28"}],"curies":[{"name":"wp","href":"https:\/\/api.w.org\/{rel}","templated":true}]}}