{"id":687,"date":"2022-04-02T20:32:28","date_gmt":"2022-04-02T20:32:28","guid":{"rendered":"https:\/\/www.lescapadealascaux.com\/?page_id=687"},"modified":"2022-12-26T09:37:10","modified_gmt":"2022-12-26T09:37:10","slug":"que-faire-dordogne-perigord","status":"publish","type":"page","link":"https:\/\/www.lescapadealascaux.com\/en\/que-faire-dordogne-perigord\/","title":{"rendered":"Que faire en Dordogne P\u00e9rigord"},"content":{"rendered":"<p><img decoding=\"async\" width=\"300\" height=\"300\" src=\"https:\/\/www.lescapadealascaux.com\/wp-content\/uploads\/2022\/04\/Logo625jpgblanc-300x300.jpg\" alt=\"L&#039;Escapade \u00e0 Lascaux\" loading=\"lazy\" srcset=\"https:\/\/www.lescapadealascaux.com\/wp-content\/uploads\/2022\/04\/Logo625jpgblanc-300x300.jpg 300w, https:\/\/www.lescapadealascaux.com\/wp-content\/uploads\/2022\/04\/Logo625jpgblanc-150x150.jpg 150w, https:\/\/www.lescapadealascaux.com\/wp-content\/uploads\/2022\/04\/Logo625jpgblanc-42x42.jpg 42w, https:\/\/www.lescapadealascaux.com\/wp-content\/uploads\/2022\/04\/Logo625jpgblanc-80x80.jpg 80w, https:\/\/www.lescapadealascaux.com\/wp-content\/uploads\/2022\/04\/Logo625jpgblanc-394x394.jpg 394w, https:\/\/www.lescapadealascaux.com\/wp-content\/uploads\/2022\/04\/Logo625jpgblanc-303x303.jpg 303w, https:\/\/www.lescapadealascaux.com\/wp-content\/uploads\/2022\/04\/Logo625jpgblanc-605x605.jpg 605w, https:\/\/www.lescapadealascaux.com\/wp-content\/uploads\/2022\/04\/Logo625jpgblanc-600x600.jpg 600w, https:\/\/www.lescapadealascaux.com\/wp-content\/uploads\/2022\/04\/Logo625jpgblanc-100x100.jpg 100w, https:\/\/www.lescapadealascaux.com\/wp-content\/uploads\/2022\/04\/Logo625jpgblanc.jpg 625w\" sizes=\"(max-width: 300px) 100vw, 300px\" \/>\t\t\t\t\t\t\t\t\t\t\t\t\t\t<\/p>\n<h1>\n                        Que faire en Dordogne P\u00e9rigord                    <\/h1>\n<p>Ca y est, vous avez vu des photos, vous avez entendu parler de notre d\u00e9partement : c&rsquo;est d\u00e9cid\u00e9, vous partez en week-end ou en vacances en Dordogne!<br \/>\nOui mais voil\u00e0, vous \u00eates tomb\u00e9s sur des dizaines de sites avec les innombrables choses \u00e0 faire en P\u00e9rigord et vous ne savez ni par o\u00f9 commencer ni que choisir. Ne vous en faites pas, vous \u00eates au bon endroit. Nous avons l&rsquo;immense honneur d&rsquo;avoir pu tester beaucoup d&rsquo;exp\u00e9riences en avance rien que pour vous.<br \/>\nLes visites, les ch\u00e2teaux, les villages, les activit\u00e9s sportives ou non, les meilleures balades, etc&#8230; Vous trouverez ici tous nos conseils et bons plans, test\u00e9s et approuv\u00e9s, pour un s\u00e9jour m\u00e9morable en Dordogne! <\/p>\n<p>\t\t\t\t\t\t\t\t\t\t\t\t\t<a href=\"https:\/\/www.lescapadealascaux.com\/en\/weekend-truffe-en-dordogne\/\"><br \/>\n\t\t\t\t\t\t\t<img decoding=\"async\" width=\"595\" height=\"595\" src=\"https:\/\/www.lescapadealascaux.com\/wp-content\/uploads\/2022\/07\/Produit-sejour-truffe.jpg\" alt=\"\" loading=\"lazy\" srcset=\"https:\/\/www.lescapadealascaux.com\/wp-content\/uploads\/2022\/07\/Produit-sejour-truffe.jpg 595w, https:\/\/www.lescapadealascaux.com\/wp-content\/uploads\/2022\/07\/Produit-sejour-truffe-300x300.jpg 300w, https:\/\/www.lescapadealascaux.com\/wp-content\/uploads\/2022\/07\/Produit-sejour-truffe-150x150.jpg 150w, https:\/\/www.lescapadealascaux.com\/wp-content\/uploads\/2022\/07\/Produit-sejour-truffe-42x42.jpg 42w, https:\/\/www.lescapadealascaux.com\/wp-content\/uploads\/2022\/07\/Produit-sejour-truffe-80x80.jpg 80w, https:\/\/www.lescapadealascaux.com\/wp-content\/uploads\/2022\/07\/Produit-sejour-truffe-394x394.jpg 394w, https:\/\/www.lescapadealascaux.com\/wp-content\/uploads\/2022\/07\/Produit-sejour-truffe-303x303.jpg 303w, https:\/\/www.lescapadealascaux.com\/wp-content\/uploads\/2022\/07\/Produit-sejour-truffe-100x100.jpg 100w\" sizes=\"(max-width: 595px) 100vw, 595px\" \/>\t\t\t\t\t\t\t\t<\/a><\/p>\n<h3>\n                        Pour en savoir plus :                    <\/h3>\n<\/p>\n<p>                                                            <a href=\"https:\/\/www.lescapadealascaux.com\/en\/weekend-truffe-en-dordogne\/\" target=\"_blank\" rel=\"noopener\"><br \/>\n                                                                            Cliquez ici                                                                     <\/a><\/p>\n<h2>\n                        Notre sp\u00e9cialit\u00e9 : les s\u00e9jours \u00ab\u00a0tout truffes\u00a0\u00bb                    <\/h2>\n<\/p>\n<p>Profitez de la beaut\u00e9 et des saveurs de la Dordogne, m\u00eame en hiver, en participant \u00e0 l&rsquo;un de nos weekend, autour de la Truffe Noire du P\u00e9rigord.\u00a0<\/p>\n<h3>\n                        Visite de truffi\u00e8re                    <\/h3>\n<p>Follow our truffle farmer accompanied by Huria, his truffle dog, and come and \"carve\" with them the black diamonds of P\u00e9rigord. <\/p>\n<h3>\n                        Gastronomic meal with truffles                    <\/h3>\n<p>Discover the thousand and one flavors of the real black truffle (tuber melanosporum) during a gastronomic meal, of at least 6 courses, prepared by our talented chefs.<\/p>\n<h3>\n                        Cooking lessons around the truffle                    <\/h3>\n<p>Become a real specialist on the Black Truffle of P\u00e9rigord by learning how to choose it, cook it and taste it.<\/p>\n<h2>\n                        Nos Activit\u00e9s \u00e0 la une                    <\/h2>\n<\/p>\n<h3><a href=\"https:\/\/www.lescapadealascaux.com\/en\/cours-cuisine-truffe\/\">Cooking lessons around the truffle<\/a><\/h3>\n<h3><a href=\"https:\/\/www.lescapadealascaux.com\/en\/weekend-truffe-en-dordogne\/\" target=\"_blank\" rel=\"noopener\">Les s\u00e9jours \u00ab\u00a0tout truffe\u00a0\u00bb<\/a><\/h3>\n<h3><a href=\"https:\/\/www.lescapadealascaux.com\/en\/en-cour-de-creation\/\">Notre semaine id\u00e9ale en P\u00e9rigord<\/a><\/h3>\n<h3><a href=\"https:\/\/www.lescapadealascaux.com\/en\/en-cour-de-creation\/\">Nos Week-end par th\u00e8me en Dordogne<\/a><\/h3>\n<h2>R\u00e9server votre location de vacances en p\u00e9rigord d\u00e8s maintenant<\/h2>\n<p>\t\t\t<a href=\"https:\/\/www.lescapadealascaux.com\/en\/locations\/\" role=\"button\"><br \/>\n\t\t\t\t\t\tRESERVER<br \/>\n\t\t\t\t\t<\/a><\/p>\n<h2>\n                        Derniers Articles                    <\/h2>\n<\/p>\n<hr>\n<h3><a href=\"https:\/\/www.lescapadealascaux.com\/en\/la-truffe-du-perigord-cest-quoi\/\">The P\u00e9rigord truffle: what is it?<\/a><\/h3>\n<p>La truffe&nbsp;du P\u00e9rigord : c\u2019est quoi&nbsp;? Introduction\u00ab\u00a0 Divine \u00bb, \u00ab sublime \u00bb, \u00ab pr\u00e9cieuse \u00bb, \u00ab\u00a0 merveilleuse \u00bb&#8230; Les superlatifs abondent pour parler de la truffe du P\u00e9rigord. Depuis au moins trois mill\u00e9naires, un hommage plan\u00e9taire lui est rendu m\u00eame &hellip;<\/p>\n<p>                                <a href=\"https:\/\/www.lescapadealascaux.com\/en\/la-truffe-du-perigord-cest-quoi\/\">Lire plus                                                                         <svg width=\"19\" height=\"10\" viewbox=\"0 0 19 10\" fill=\"none\" xmlns=\"http:\/\/www.w3.org\/2000\/svg\">\n                                        <path d=\"M18.4596 5.45962C18.7135 5.20578 18.7135 4.79422 18.4596 4.54038L14.323 0.403807C14.0692 0.149967 13.6576 0.149966 13.4038 0.403807C13.15 0.657648 13.15 1.06921 13.4038 1.32305L17.0808 5L13.4038 8.67696C13.15 8.9308 13.15 9.34235 13.4038 9.59619C13.6576 9.85004 14.0692 9.85004 14.323 9.5962L18.4596 5.45962ZM-5.68248e-08 5.65L18 5.65L18 4.35L5.68248e-08 4.35L-5.68248e-08 5.65Z\" fill=\"#191B18\"\/>\n                                    <\/svg><br \/>\n                                                                                                         <\/a><\/p>\n<hr>\n<h3><a href=\"https:\/\/www.lescapadealascaux.com\/en\/chateau-de-losse\/\">Ch\u00e2teau de Losse<\/a><\/h3>\n<p>Ch\u00e2teau de Losse Le plus proche de nos appartements, \u00e0 5 minutes en voiture ! Pour voir un tr\u00e8s beau ch\u00e2teau sans faire beaucoup de kilom\u00e8tres. Construit \u00e0 partir du XI\u00e8me si\u00e8cle en tant que place forte par la famille &hellip;<\/p>\n<p>                                <a href=\"https:\/\/www.lescapadealascaux.com\/en\/chateau-de-losse\/\">Lire plus                                                                         <svg width=\"19\" height=\"10\" viewbox=\"0 0 19 10\" fill=\"none\" xmlns=\"http:\/\/www.w3.org\/2000\/svg\">\n                                        <path d=\"M18.4596 5.45962C18.7135 5.20578 18.7135 4.79422 18.4596 4.54038L14.323 0.403807C14.0692 0.149967 13.6576 0.149966 13.4038 0.403807C13.15 0.657648 13.15 1.06921 13.4038 1.32305L17.0808 5L13.4038 8.67696C13.15 8.9308 13.15 9.34235 13.4038 9.59619C13.6576 9.85004 14.0692 9.85004 14.323 9.5962L18.4596 5.45962ZM-5.68248e-08 5.65L18 5.65L18 4.35L5.68248e-08 4.35L-5.68248e-08 5.65Z\" fill=\"#191B18\"\/>\n                                    <\/svg><br \/>\n                                                                                                         <\/a><\/p>\n<hr>\n<h3><a href=\"https:\/\/www.lescapadealascaux.com\/en\/saint-leon-sur-vezere\/\">Saint L\u00e9on sur V\u00e9z\u00e8re<\/a><\/h3>\n<p>Saint L\u00e9on sur V\u00e9z\u00e8re A seulement 10 minutes de nos g\u00eetes, gros coup de c\u0153ur pour ce tout petit village. L\u2019on s\u2019y prom\u00e8ne dans les minuscules ruelles, on peut admirer les maisons en pierre, typiques du P\u00e9rigord, et de superbes &hellip;<\/p>\n<p>                                <a href=\"https:\/\/www.lescapadealascaux.com\/en\/saint-leon-sur-vezere\/\">Lire plus                                                                         <svg width=\"19\" height=\"10\" viewbox=\"0 0 19 10\" fill=\"none\" xmlns=\"http:\/\/www.w3.org\/2000\/svg\">\n                                        <path d=\"M18.4596 5.45962C18.7135 5.20578 18.7135 4.79422 18.4596 4.54038L14.323 0.403807C14.0692 0.149967 13.6576 0.149966 13.4038 0.403807C13.15 0.657648 13.15 1.06921 13.4038 1.32305L17.0808 5L13.4038 8.67696C13.15 8.9308 13.15 9.34235 13.4038 9.59619C13.6576 9.85004 14.0692 9.85004 14.323 9.5962L18.4596 5.45962ZM-5.68248e-08 5.65L18 5.65L18 4.35L5.68248e-08 4.35L-5.68248e-08 5.65Z\" fill=\"#191B18\"\/>\n                                    <\/svg><br \/>\n                                                                                                         <\/a><br \/>\n                                        <!--- Post-style-1 start end---><\/p>\n<h2>Vous n&rsquo;avez pas encore fait le choix du lieu de vos futures vacances ?<\/h2>\n<p>Vous pouvez faire votre choix parmi les logements ci-dessous :<\/p>\n<article>\n                            <a href=\"https:\/\/www.lescapadealascaux.com\/en\/accommodation\/indus\/\" target=\"_blank\" rel=\"noopener\"><\/a><\/p>\n<h4>54 \u20ac*<\/h4>\n<p>                                                                \/ night<br \/>\n                                <img decoding=\"async\" width=\"750\" height=\"500\" src=\"https:\/\/www.lescapadealascaux.com\/wp-content\/uploads\/2022\/04\/Indus_pp2.jpg\" alt=\"salon location indus\" loading=\"lazy\" \/><br \/>\n                                    Maximum 2 persons<\/p>\n<h3> &quot;Indus&quot;<\/h3>\n<p>                        ( -10% \u00e0 la semaine soit 340.20\u20ac\/ sem ) \/ 2 nuit\u00e9es au minimum<br \/>\n        <\/article>\n<article>\n                            <a href=\"https:\/\/www.lescapadealascaux.com\/en\/accommodation\/scandinave\/\" target=\"_blank\" rel=\"noopener\"><\/a><\/p>\n<h4>45 \u20ac*<\/h4>\n<p>                                                                \/ night<br \/>\n                                <img decoding=\"async\" width=\"750\" height=\"501\" src=\"https:\/\/www.lescapadealascaux.com\/wp-content\/uploads\/2022\/04\/Scandi_pp1.jpg\" alt=\"salon location scandinave\" loading=\"lazy\" \/><br \/>\n                                    Maximum 2 persons<\/p>\n<h3>&quot;Scandinave&quot;<\/h3>\n<p>                        ( -10% \u00e0 la semaine soit 283.50\u20ac\/ sem ) \/ 2 nuit\u00e9es au minimum<br \/>\n        <\/article>\n<article>\n                            <a href=\"https:\/\/www.lescapadealascaux.com\/en\/accommodation\/retro\/\" target=\"_blank\" rel=\"noopener\"><\/a><\/p>\n<h4>45 \u20ac*<\/h4>\n<p>                                                                \/ night<br \/>\n                                <img decoding=\"async\" width=\"750\" height=\"501\" src=\"https:\/\/www.lescapadealascaux.com\/wp-content\/uploads\/2022\/04\/Retro_pp3.jpg\" alt=\"salon location r\u00e9tro 3\" loading=\"lazy\" \/><br \/>\n                                    Maximum 2 persons<\/p>\n<h3>&quot;R\u00e9tro&quot;<\/h3>\n<p>                        ( -10% \u00e0 la semaine soit 283.50\u20ac\/ sem ) \/ 2 nuit\u00e9es au minimum<br \/>\n        <\/article>\n<article>\n                            <a href=\"https:\/\/www.lescapadealascaux.com\/en\/accommodation\/voyage\/\" target=\"_blank\" rel=\"noopener\"><\/a><\/p>\n<h4>69 \u20ac *<\/h4>\n<p>                                                                \/ night<br \/>\n                                <img decoding=\"async\" width=\"425\" height=\"283\" src=\"https:\/\/www.lescapadealascaux.com\/wp-content\/uploads\/2022\/07\/Voyage-truffe.jpg\" alt=\"\" loading=\"lazy\" \/><br \/>\n                                    Maximum 4 persons<\/p>\n<h3> &quot;Voyage&quot;<\/h3>\n<p>                        ( -10% \u00e0 la semaine soit 434.70\u20ac\/ sem ) \/ 2 nuit\u00e9es au minimum<br \/>\n        <\/article>\n<article>\n                            <a href=\"https:\/\/www.lescapadealascaux.com\/en\/accommodation\/shabby-chic\/\" target=\"_blank\" rel=\"noopener\"><\/a><\/p>\n<h4>64 \u20ac*<\/h4>\n<p>                                                                \/ night<br \/>\n                                <img decoding=\"async\" width=\"424\" height=\"283\" src=\"https:\/\/www.lescapadealascaux.com\/wp-content\/uploads\/2022\/07\/shabby-truffe.jpg\" alt=\"\" loading=\"lazy\" \/><br \/>\n                                    Maximum 4 persons<\/p>\n<h3>&quot;Shabby Chic&quot;<\/h3>\n<p>                        ( -10% \u00e0 la semaine soit 403.20\u20ac\/ sem ) \/ 2 nuit\u00e9es au minimum<br \/>\n        <\/article>\n<article>\n                            <a href=\"https:\/\/www.lescapadealascaux.com\/en\/accommodation\/loft\/\" target=\"_blank\" rel=\"noopener\"><\/a><\/p>\n<h4>89 \u20ac*<\/h4>\n<p>                                                                \/ night<br \/>\n                                <img decoding=\"async\" width=\"750\" height=\"500\" src=\"https:\/\/www.lescapadealascaux.com\/wp-content\/uploads\/2022\/04\/shabby_pp3.jpg\" alt=\"salon location shabby 3\" loading=\"lazy\" \/><br \/>\n                                    Maximum 4 persons<\/p>\n<h3>&quot;Loft&quot;<\/h3>\n<p>                        ( -10% \u00e0 la semaine soit 560.70\u20ac\/ sem ) \/ 2 nuit\u00e9es au minimum<br \/>\n        <\/article>\n<h2>Que faire en P\u00e9rigord et Dordogne ?<\/h2>\n<h3>Quels sont les sites incontournables \u00e0 visiter en Dordogne ?<\/h3>\n<p>Si vous \u00eates fan du monde aquatique, vous pouvez visiter l\u2019Aquarium du P\u00e9rigord noir. C\u2019est le plus aquarium d\u2019eau douce de l\u2019Europe. Vous ferez la connaissance de 6 000 esp\u00e8ces diff\u00e9rentes : poissons, serpents et autres reptiles. Vous pouvez les observer, et m\u00eame les nourrir. Par ailleurs, il y a aussi d\u2019autres activit\u00e9s \u00e0 faire en plein air, pour ceux qui aiment le sport et les sensations fortes.<br \/>Mais la Dordogne est un d\u00e9partement historique o\u00f9 vous pourrez retracer des bouts de l\u2019histoire de la France. Vous avez par exemple l\u2019incontournable ch\u00e2teau de Commarque qui date de plus de 1500 ans. Vous jouirez d\u2019une incroyable randonn\u00e9e historique en commen\u00e7ant par la grotte pr\u00e9historique, les habitats troglodytiques puis le village m\u00e9di\u00e9val. Cl\u00f4turer la visite par un panorama \u00e0 couper le souffle depuis le donjon du ch\u00e2teau.<\/p>\n<h3>Quelles sont les activit\u00e9s \u00e0 faire en Dordogne ?<\/h3>\n<p>Faites un tour en bateau pour d\u00e9couvrir les plus beaux villages de la Dordogne. Partez pour une mini-croisi\u00e8re le long de la rivi\u00e8re, vous passerez aux c\u00f4t\u00e9s des villages de Beynac et de Domme. Vous verrez les beaux ch\u00e2teaux qui datent du Moyen-\u00e2ge. C\u2019est une activit\u00e9 de groupe avec 8 personnes tout au plus. Vous pourrez le faire en famille, avec des amis ou en couple. Vous pouvez aussi partager le voyage avec d\u2019autres touristes rencontr\u00e9s sur le quai.<br \/>Si vous \u00eates plut\u00f4t g\u00e9ologie, arch\u00e9ologie et histoire, vous pouvez voyager par terre de ville en ville pour visiter les nombreuses grottes pr\u00e9historiques. Il y en a aux Lascaux, aux Eyzies et au Rouffignac. Admirez les fresques originales peintes sur les murs en pierre. Elles refl\u00e8tent le mode de vie des hommes des cavernes. D\u00e9couvrez-en plus sur nos anc\u00eatres.<\/p>\n<h3>O\u00f9 partir en Dordogne pour les vacances ?<\/h3>\n<p>Vous pouvez partir dans le P\u00e9rigord blanc au centre et au Nord-ouest de la Dordogne. Vous appr\u00e9cierez la nature dans les bois, dans les champs et dans les vergers. C\u2019est l\u2019une des parties de la France qui poss\u00e8dent de vraies prairies, vastes et magnifiques. Mais vous serez aussi servi en mati\u00e8re d\u2019Art et d\u2019arch\u00e9ologie. Vous avez des mus\u00e9es, des cath\u00e9drales et des cit\u00e9s m\u00e9di\u00e9vales \u00e0 ne surtout pas rater.<br \/>Ceci dit, parmi tous les P\u00e9rigord, le P\u00e9rigord Noir suscite plus d\u2019int\u00e9r\u00eat. C\u2019est la partie la plus embl\u00e9matique de la Dordogne. Le P\u00e9rigord Noir situe au Sud-Est du d\u00e9partement. Il est tr\u00e8s appr\u00e9ci\u00e9, car on y trouve \u00e0 peu pr\u00e8s tout. Vous avez une ville urbaine tout \u00e0 fait moderne, mais aussi des paysages ruraux avec des monuments historiques.<\/p>\n<p>Quelle est la plus belle ville de Dordogne ?<\/p>\n<p>La plus belle ville de la Dordogne se trouve sans surprise dans le P\u00e9rigord Noir. Beynac-et-Cazenac est non seulement la plus belle ville du d\u00e9partement, mais elle figure aussi parmi les plus belles villes de France. Elle pr\u00e9sente un paysage tout \u00e0 fait charmant avec des maisons typiques du Moyen-\u00e2ge. Vous pouvez \u00e9galement marcher le long des ruelles en pav\u00e9.<br \/>Beynac abrite de nombreux sites historiques. Vous remonterez le temps en marchant sur les traces des grands chefs de la guerre de Cent Ans, tels que Richard C\u0153ur de Lion, Simon de Montfort ou Ali\u00e9nor d&rsquo;Aquitaine. Visitez les Ch\u00e2teaux et contemplez la ville d\u2019une vue imprenable. Puis, il y a le march\u00e9 de producteurs en \u00e9t\u00e9, parfait pour passer les grandes vacances.<\/p>\n<h3>Quand venir en Dordogne ?<\/h3>\n<p>La Dordogne est une belle destination pour les vacances d\u2019\u00e9t\u00e9. Le climat est temp\u00e9r\u00e9 et agr\u00e9able. Si vous souhaitez fuir la canicule de juin \u00e0 Ao\u00fbt, vous pouvez profiter de la fra\u00eecheur du Sud avec une temp\u00e9rature entre 25 et 35\u00b0C. Allez dans le P\u00e9rigord Noir pour des descentes en cano\u00eb, des baignades dans les plages am\u00e9nag\u00e9es, et d\u2019autres activit\u00e9s en plein air.<br \/>Par ailleurs, le paysage de la Dordogne est extraordinaire en automne. Visitez les ch\u00e2teaux et montez en haut de la tour pour avoir une vue imprenable sur la ville de votre choix. C\u2019est aussi la saison r\u00eav\u00e9e pour des randonn\u00e9es. Vous pourriez \u00e9galement assister \u00e0 la f\u00eate de la Noix et la f\u00eate de la Ch\u00e2taigne. En plus, vous \u00e9vitez le tourisme de masse.<\/p>\n<h3>Quel village visiter en Dordogne ?<\/h3>\n<p>La Roque-Gageac est un village tout \u00e0 fait charmant. Il est nich\u00e9 au creux des falaises. La couleur de la pierre m\u00eal\u00e9e \u00e0 la verdure est plus que saisissante. Son architecture typique et aussi s\u00e9duisante. Vous y trouverez des maisons au toit couvert de lauses. La route principale suit le long de la rivi\u00e8re o\u00f9 vous pourrez prendre un cano\u00eb. Vous y trouverez aussi un jardin tropical avec diverses esp\u00e8ces de plantes.<br \/>Visitez aussi Saint-L\u00e9on-sur-V\u00e9z\u00e8re qui se trouve dans la boucle de la rivi\u00e8re. C\u2019est un village historique qui regorge de monuments m\u00e9di\u00e9vaux. Il y a le Ch\u00e2teau de Cl\u00e9rans que vous pourrez seulement contempler de l\u2019ext\u00e9rieur. Mais il y a aussi l\u2019\u00e9glise du XIIe qui, elle, est ouverte au public. Mais l\u2019atout principal de ce village du P\u00e9rigord Noir, c\u2019est son parc naturel de loisirs. Voyagez \u00e0 travers les \u00e9poques dans un paysage original.<\/p>\n<h3>Que ramener du P\u00e9rigord ?<\/h3>\n<p>P\u00e9rigord est une r\u00e9gion gourmande. Vous pourrez donc ramener des conserves et des confiseries pour prosp\u00e9rer votre tourisme culinaire. Vous avez le confit de canard qui est une sp\u00e9cialit\u00e9 de la Dordogne. Mais il y a \u00e9galement des rillettes, des foies gras, des p\u00e2t\u00e9s, etc. D\u00e9gustez le miel et les confitures paysannes. N\u2019oubliez pas le fromage du terroir. Par ailleurs, il y a aussi les truffes, d\u00e9licieuses du P\u00e9rigord.<br \/>Si vous \u00eates \u00e0 la recherche de quelque chose de moins consommable, optez pour des souvenirs artisanaux. Les artisans de la r\u00e9gion sont talentueux pour l\u2019\u00e9b\u00e9nisterie. Ils taillent aussi tr\u00e8s bien la pierre. Vous pouvez aussi trouver des r\u00e9pliques des bijoux du Moyen-\u00e2ge en pierre ou en fossiles. Puis, succombez aux paniers en osiers. Leurs tresses sont charmantes et originales pour une d\u00e9coration boh\u00e8me. P\u00e9rigord fourmille \u00e9galement de savonnerie pour des savons artisanaux de senteurs diverses. Le plus connu est le savon au lait d\u2019\u00e2nesse qui apporte de nombreux bienfaits en cosm\u00e9tique.<\/p>","protected":false},"excerpt":{"rendered":"<p>Que faire en Dordogne P\u00e9rigord Ca y est, vous avez vu des photos, vous avez entendu parler de notre d\u00e9partement : c&rsquo;est d\u00e9cid\u00e9, vous partez en week-end ou en vacances en Dordogne! Oui mais voil\u00e0, vous \u00eates tomb\u00e9s sur des dizaines de sites avec les innombrables choses \u00e0 faire en P\u00e9rigord et vous ne savez [&hellip;]<\/p>\n","protected":false},"author":1,"featured_media":0,"parent":0,"menu_order":0,"comment_status":"closed","ping_status":"closed","template":"","meta":{"_et_pb_use_builder":"","_et_pb_old_content":"","_et_gb_content_width":"","footnotes":""},"_links":{"self":[{"href":"https:\/\/www.lescapadealascaux.com\/en\/wp-json\/wp\/v2\/pages\/687"}],"collection":[{"href":"https:\/\/www.lescapadealascaux.com\/en\/wp-json\/wp\/v2\/pages"}],"about":[{"href":"https:\/\/www.lescapadealascaux.com\/en\/wp-json\/wp\/v2\/types\/page"}],"author":[{"embeddable":true,"href":"https:\/\/www.lescapadealascaux.com\/en\/wp-json\/wp\/v2\/users\/1"}],"replies":[{"embeddable":true,"href":"https:\/\/www.lescapadealascaux.com\/en\/wp-json\/wp\/v2\/comments?post=687"}],"version-history":[{"count":0,"href":"https:\/\/www.lescapadealascaux.com\/en\/wp-json\/wp\/v2\/pages\/687\/revisions"}],"wp:attachment":[{"href":"https:\/\/www.lescapadealascaux.com\/en\/wp-json\/wp\/v2\/media?parent=687"}],"curies":[{"name":"wp","href":"https:\/\/api.w.org\/{rel}","templated":true}]}}